{"id":9578,"date":"2019-07-10T10:19:25","date_gmt":"2019-07-10T10:19:25","guid":{"rendered":"http:\/\/www.hollersbach.nl\/winter-in-hollersbach\/"},"modified":"2021-12-06T12:50:43","modified_gmt":"2021-12-06T12:50:43","slug":"winter-in-hollersbach","status":"publish","type":"page","link":"https:\/\/herz3.com\/de\/winter-in-hollersbach\/","title":{"rendered":"Winter in Hollersbach"},"content":{"rendered":"\r\n<section class=\"sh-section sh-section-6a6a54b9125390deda5b854217cf4d3f fw-main-row sh-section-visibility-everywhere\">\r\n\t\r\n\t\r\n\t<div class=\"sh-section-container container-fluid\">\r\n\t\t<div class=\"fw-row\">\n\t\n<div class=\"sh-column sh-column-fa2504bc1ca89346d9657c253dd33887 fw-col-xs-12 fw-col-sm-6\" >\n\n\t\n\t<div class=\"sh-column-wrapper\">\n\t\t\n\n\t<div class=\"sh-heading sh-heading-style1\" id=\"heading-ad47a09b5e8c5b04ac15575065103f96\">\n\t\t<h3 class=\"sh-heading-content size-default\">\n\t\t\t<h3 class=\"vc_custom_heading\">Panoramabahn Kitzb\u00fcheler Alpen<\/h3>\t\t<\/h3>\n\t<\/div>\n\n\n<div id=\"text-block-4872fdbe372dca7ea8951f01d846f3a6\" class=\"sh-text-block\">\n\t<p>1,3km von unserem Hotel entfernt befindet sich die Talstation der Panoramabahn zur Bergstation des Resterkogels. Dort startet das Kitzb\u00fcheler Skigebiet. Es warten 55 Skilifte mit 170 Pistenvergn\u00fcgen- Kilometern. Der Skibus startet 20m vom Hotel Herz3 entfernt und bringt Sie direkt zur Talstation der Gondelbahn.<br \/>F\u00fcr weitere Informationen: <a href=\"http:\/\/www.panoramabahn.at\">www.panoramabahn.at<\/a><\/p><\/div>\n<div class=\"sh-empty-space\" id=\"empty-space-973a5ede079bf3248399efbcc18bd08e\"><\/div>\n<div id=\"button-5939844cd187443bacfff1baaff1ad4d\" class=\"sh-button-container sh-button-style-2\">\n\t<a href=\"https:\/\/herz3.com\/de\/skikurs-jetzt-buchen\/\" target=\"_blank\" class=\"sh-button sh-button-medium sh-button-icon-left\">\n\n\t\t\t\t\t<span class=\"sh-button-icon\">\n\t\t\t\t<i class=\"ti-arrow-circle-right\"><\/i>\n\t\t\t<\/span>\n\t\t\n\t\t\t\t\t<span class=\"sh-button-text\">\n\t\t\t\tSkikurs Jetzt Buchen\t\t\t<\/span>\n\t\t\n\t\t\n\t<\/a>\n\t<\/div>\t<\/div>\n<\/div>\n\n<div class=\"sh-column sh-column-dbaaadfebf9bb36acff77211faf9d54a fw-col-xs-12 fw-col-sm-6\" >\n\n\t\n\t<div class=\"sh-column-wrapper\">\n\t\t\n<div class=\"sh-empty-space\" id=\"empty-space-86c52a704c5cd7e7b9555a6e42db6af1\"><\/div>\t<\/div>\n<\/div>\n<\/div>\n\n<div class=\"fw-row\">\n\t\n<div class=\"sh-column sh-column-4af6f7709824cf778b5dfba72bdb79b2 fw-col-xs-12 fw-col-sm-6\" >\n\n\t\n\t<div class=\"sh-column-wrapper\">\n\t\t\n<div class=\"sh-empty-space\" id=\"empty-space-280a2888bf8c88b5c1e589f9a106b2a0\"><\/div>\t<\/div>\n<\/div>\n\n<div class=\"sh-column sh-column-bf821cc3d9fa5c8fc1a3dcf772d00d76 fw-col-xs-12 fw-col-sm-6\" >\n\n\t\n\t<div class=\"sh-column-wrapper\">\n\t\t\n\n\t<div class=\"sh-heading sh-heading-style1\" id=\"heading-f057b9158374bf1c95bc6f8bd6bfae9c\">\n\t\t<h3 class=\"sh-heading-content size-default\">\n\t\t\t<h3 class=\"vc_custom_heading\">Skifahren\/ Snowboarden\/ Telemarken- Pistenspa\u00df<\/h3>\t\t<\/h3>\n\t<\/div>\n\n\n<div id=\"text-block-ad7cfcc37e6b84e32e29a53db76263a9\" class=\"sh-text-block\">\n\t<p>Die Panoramabahn verbindet Hollersbach\/ Mittersill mit Kitzb\u00fchel.<\/p><ul><li>67 km blaue\/ einfache Pisten<\/li><li>79 km rote\/ mittelschwere Pisten<\/li><li>24 km schwarze\/ anspruchsvolle Pisten<\/li><\/ul><p><strong>Insgesamt 54 Liftanlagen\/ Seilbahnen<\/strong><br \/>Zwei besondere Highlights sind nat\u00fcrlich die Kitzb\u00fcheler Streifabfahrt, die man erreicht wenn man sich zur Skisafari nach Kitzb\u00fchel begibt. Auf dem Weg dorthin schweben Sie mit der 3 Seil Umlaufbahn in 400m H\u00f6he zur Anbindung nach Kitzb\u00fchel.<br \/>Auch die Skigebiete Wildkogel und Zillertalarena befinden sich in der Umgebung.<br \/>M\u00f6chten Sie einen Abstecher auf den Gletscher wagen, dann k\u00f6nnen Sie in ca. 30 Autominuten einen Abstecher auf das Kitzsteinhorn bei Kaprun wagen.<\/p><\/div>\t<\/div>\n<\/div>\n<\/div>\n\n<div class=\"fw-row\">\n\t\n<div class=\"sh-column sh-column-dc8adfb69beac071644cdbc925c21dae fw-col-xs-12 fw-col-sm-6\" >\n\n\t\n\t<div class=\"sh-column-wrapper\">\n\t\t\n\n\t<div class=\"sh-heading sh-heading-style1\" id=\"heading-767f3f007786e4386662c70c6cfdc5dd\">\n\t\t<h3 class=\"sh-heading-content size-default\">\n\t\t\t<h3 class=\"vc_custom_heading\">Langlaufen und Skaten<\/h3>\t\t<\/h3>\n\t<\/div>\n\n\n<div id=\"text-block-3dec040554ac6c16b2bce5996359f5f8\" class=\"sh-text-block\">\n\t<p>F\u00fcr diese Spielform des Wintersports gibt es zahlreiche wundersch\u00f6ne Loipen in der Region.<br \/>Besonders zu erw\u00e4hnen ist die Pinzgauloipe, in die Sie 400 vom Haus entfernt einsteigen k\u00f6nnen. Die Hochmoorloipe am Pass Thurn geh\u00f6rt landschaftlich sicher zu den sch\u00f6nsten Loipen in der Umgebung. Diese erreichen Sie mit dem Auto oder mit der Gondelbahn\/ Mittelstation.<\/p><\/div>\t<\/div>\n<\/div>\n\n<div class=\"sh-column sh-column-dae0dc830e1590862cc169f94676d4d1 fw-col-xs-12 fw-col-sm-6\" >\n\n\t\n\t<div class=\"sh-column-wrapper\">\n\t\t\n<div class=\"sh-empty-space\" id=\"empty-space-b882597c885ee8632e3e6012c63347fa\"><\/div>\t<\/div>\n<\/div>\n<\/div>\n\n<div class=\"fw-row\">\n\t\n<div class=\"sh-column sh-column-b4d08a383f2d3d752ef16f9d0169a1f5 fw-col-xs-12 fw-col-sm-6\" >\n\n\t\n\t<div class=\"sh-column-wrapper\">\n\t\t\n<div class=\"sh-empty-space\" id=\"empty-space-5ec0abd7923f2305aeff680b99819b2b\"><\/div>\t<\/div>\n<\/div>\n\n<div class=\"sh-column sh-column-4ca316cb5bec918efafd17bcb170d562 fw-col-xs-12 fw-col-sm-6\" >\n\n\t\n\t<div class=\"sh-column-wrapper\">\n\t\t\n\n\t<div class=\"sh-heading sh-heading-style1\" id=\"heading-5e842a5239411655181de01a0c6cd1fa\">\n\t\t<h3 class=\"sh-heading-content size-default\">\n\t\t\t<h3 class=\"vc_custom_heading\">Winterromantik<\/h3>\t\t<\/h3>\n\t<\/div>\n\n\n<div id=\"text-block-1d548f649a1050cffbf389701b3cf907\" class=\"sh-text-block\">\n\t<p>Wer den Winterzauber etwas entspannter genie\u00dfen m\u00f6chte kann durch die verschneite Landschaft spazieren oder bei einer Kutschenfahrt genie\u00dfen. In der Umgebung gibt es einige Reitbetriebe, die diesen Service anbieten. Wir helfen Ihnen gerne bei einer Reservierung, wenn Sie daf\u00fcr Interesse haben.<\/p><\/div>\t<\/div>\n<\/div>\n<\/div>\n\n<div class=\"fw-row\">\n\t\n<div class=\"sh-column sh-column-c9ffb11e4921132c8fbc3ca05c3bc328 fw-col-xs-12 fw-col-sm-6\" >\n\n\t\n\t<div class=\"sh-column-wrapper\">\n\t\t\n\n\t<div class=\"sh-heading sh-heading-style1\" id=\"heading-5e5cf25342b002fe54c311b541d9ff02\">\n\t\t<h3 class=\"sh-heading-content size-default\">\n\t\t\t<h3 class=\"vc_custom_heading\">Rodeln<\/h3>\t\t<\/h3>\n\t<\/div>\n\n\n<div id=\"text-block-b7df5d489fb803d0d4990cf6c7d9062a\" class=\"sh-text-block\">\n\t<p>In Hollersbach k\u00f6nnen Sie eine 2,5km lange Naturrodelbahn genie\u00dfen.<br \/>Wollen Sie aber h\u00f6her hinaus dann wartet in Bramberg der extra Rodelspa\u00df f\u00fcr die ganze Familie. Dort finden Sie die l\u00e4ngste beleuchtete Rodelbahn Europas mit einer L\u00e4nge von 15km und 1300 H\u00f6henmetern.<\/p><\/div>\t<\/div>\n<\/div>\n\n<div class=\"sh-column sh-column-10a532c3c436ab7a5cd883a5e36ff779 fw-col-xs-12 fw-col-sm-6\" >\n\n\t\n\t<div class=\"sh-column-wrapper\">\n\t\t\n<div class=\"sh-empty-space\" id=\"empty-space-6b88d8952efa097dab359ac003c27d23\"><\/div>\t<\/div>\n<\/div>\n<\/div>\n\n<div class=\"fw-row\">\n\t\n<div class=\"sh-column sh-column-e74305f6f4f52ecfb935d6016cccb162 fw-col-xs-12 fw-col-sm-6\" >\n\n\t\n\t<div class=\"sh-column-wrapper\">\n\t\t\n<div class=\"sh-empty-space\" id=\"empty-space-944d6641c866217fb663fdb48f614820\"><\/div>\t<\/div>\n<\/div>\n\n<div class=\"sh-column sh-column-53dd773f387815b3b83a1bc3c24c2aa3 fw-col-xs-12 fw-col-sm-6\" >\n\n\t\n\t<div class=\"sh-column-wrapper\">\n\t\t\n\n\t<div class=\"sh-heading sh-heading-style1\" id=\"heading-08dd70af5b89957e4fb08b1d488145cf\">\n\t\t<h3 class=\"sh-heading-content size-default\">\n\t\t\t<h3 class=\"vc_custom_heading\">Bergwelt und Freeride<\/h3>\t\t<\/h3>\n\t<\/div>\n\n\n<div id=\"text-block-c1ddd4fa25b443421f632869e60fab07\" class=\"sh-text-block\">\n\t<p>M\u00f6chten Sie die Bergwelt des Nationalparks Hohe Tauern oder der Kitzb\u00fcheler Alpen mit Tourenski erobern, wo warten zahlreiche Touren, Varianten und auch Freerideabfahrten auf Sie.<br \/>Gerne helfen wir Ihnen dabei, wenn Sie einen professionellen Guide buchen m\u00f6chten, der Sie sicher abseits der Pisten begleitet.<\/p><\/div>\t<\/div>\n<\/div>\n<\/div>\n\n<div class=\"fw-row\">\n\t\n<div class=\"sh-column sh-column-d429ee6e3df2367fc83533fab11a71eb fw-col-xs-12 fw-col-sm-6\" >\n\n\t\n\t<div class=\"sh-column-wrapper\">\n\t\t\n\n\t<div class=\"sh-heading sh-heading-style1\" id=\"heading-4bfb93fa88dcd06e9f1e0afa03ccab92\">\n\t\t<h3 class=\"sh-heading-content size-default\">\n\t\t\t<h3 class=\"vc_custom_heading\">Nationalpark Hohe Tauern WinterCard<\/h3>\t\t<\/h3>\n\t<\/div>\n\n\n<div id=\"text-block-83f7215e295ddf398dae3bdc6eff46ad\" class=\"sh-text-block\">\n\t<p>Die Bonuskarte, die erstmals in der Wintersaison 2021\/22 bei teilnehmenden Partnerbetrieben der Ferienregion Nationalpark Hohe Tauern erh\u00e4ltlich ist, erm\u00f6glicht viele Vorteile bei zahlreichen Attraktionen in der Region. Genie\u00dfen Sie die Vielfalt an Lieblingspl\u00e4tzen und begeben Sie sich auf Ihre pers\u00f6nliche winterliche Entdeckungsreise im Nationalpark Hohe Tauern.<\/p><p>| BERGERLEBNIS<br \/>| SPORT &amp; MUSEEN<br \/>| NATUR<br \/>| SHOPPING<\/p><\/div>\n<div id=\"button-2e805f293bef8ce6e45c02f736eda0c8\" class=\"sh-button-container sh-button-style-2\">\n\t<a href=\"https:\/\/herz3.com\/wp-content\/uploads\/2021\/11\/Nationalpark-WinterCard-Broschure-2021_2022.pdf\" target=\"_blank\" class=\"sh-button sh-button-medium sh-button-icon-left\">\n\n\t\t\t\t\t<span class=\"sh-button-icon\">\n\t\t\t\t<i class=\"ti-server\"><\/i>\n\t\t\t<\/span>\n\t\t\n\t\t\t\t\t<span class=\"sh-button-text\">\n\t\t\t\tDOWNLOAD DIE BROSCH\u00dcRE\t\t\t<\/span>\n\t\t\n\t\t\n\t<\/a>\n\t<\/div>\t<\/div>\n<\/div>\n\n<div class=\"sh-column sh-column-8ca346a36a09b6623dd427b962f76204 fw-col-xs-12 fw-col-sm-6\" >\n\n\t\n\t<div class=\"sh-column-wrapper\">\n\t\t\n<div class=\"sh-empty-space\" id=\"empty-space-4b061aa0047693f8b77a33d4787e48d9\"><\/div>\t<\/div>\n<\/div>\n<\/div>\n\n\t<\/div>\r\n<\/section>\r\n\n","protected":false},"excerpt":{"rendered":"<p>Panoramabahn Kitzb\u00fcheler Alpen 1,3km von unserem Hotel entfernt befindet sich die Talstation der Panoramabahn zur Bergstation des Resterkogels. Dort startet das Kitzb\u00fcheler Skigebiet. Es warten 55 Skilifte mit 170 Pistenvergn\u00fcgen- Kilometern. Der Skibus startet 20m vom Hotel Herz3 entfernt und bringt Sie direkt zur Talstation&#8230;<\/p>\n","protected":false},"author":1,"featured_media":0,"parent":0,"menu_order":0,"comment_status":"closed","ping_status":"closed","template":"","meta":{"footnotes":""},"class_list":["post-9578","page","type-page","status-publish","hentry"],"yoast_head":"<!-- This site is optimized with the Yoast SEO plugin v26.6 - https:\/\/yoast.com\/wordpress\/plugins\/seo\/ -->\n<title>Winter in Hollersbach - Herz3<\/title>\n<meta name=\"robots\" content=\"index, follow, max-snippet:-1, max-image-preview:large, max-video-preview:-1\" \/>\n<link rel=\"canonical\" href=\"https:\/\/herz3.com\/de\/winter-in-hollersbach\/\" \/>\n<meta property=\"og:locale\" content=\"de_DE\" \/>\n<meta property=\"og:type\" content=\"article\" \/>\n<meta property=\"og:title\" content=\"Winter in Hollersbach - Herz3\" \/>\n<meta property=\"og:description\" content=\"Panoramabahn Kitzb\u00fcheler Alpen 1,3km von unserem Hotel entfernt befindet sich die Talstation der Panoramabahn zur Bergstation des Resterkogels. Dort startet das Kitzb\u00fcheler Skigebiet. Es warten 55 Skilifte mit 170 Pistenvergn\u00fcgen- Kilometern. Der Skibus startet 20m vom Hotel Herz3 entfernt und bringt Sie direkt zur Talstation...\" \/>\n<meta property=\"og:url\" content=\"https:\/\/herz3.com\/de\/winter-in-hollersbach\/\" \/>\n<meta property=\"og:site_name\" content=\"Herz3\" \/>\n<meta property=\"article:modified_time\" content=\"2021-12-06T12:50:43+00:00\" \/>\n<meta name=\"twitter:card\" content=\"summary_large_image\" \/>\n<meta name=\"twitter:label1\" content=\"Gesch\u00e4tzte Lesezeit\" \/>\n\t<meta name=\"twitter:data1\" content=\"2\u00a0Minuten\" \/>\n<script type=\"application\/ld+json\" class=\"yoast-schema-graph\">{\"@context\":\"https:\/\/schema.org\",\"@graph\":[{\"@type\":\"WebPage\",\"@id\":\"https:\/\/herz3.com\/de\/winter-in-hollersbach\/\",\"url\":\"https:\/\/herz3.com\/de\/winter-in-hollersbach\/\",\"name\":\"Winter in Hollersbach - Herz3\",\"isPartOf\":{\"@id\":\"https:\/\/herz3.com\/#website\"},\"datePublished\":\"2019-07-10T10:19:25+00:00\",\"dateModified\":\"2021-12-06T12:50:43+00:00\",\"breadcrumb\":{\"@id\":\"https:\/\/herz3.com\/de\/winter-in-hollersbach\/#breadcrumb\"},\"inLanguage\":\"de\",\"potentialAction\":[{\"@type\":\"ReadAction\",\"target\":[\"https:\/\/herz3.com\/de\/winter-in-hollersbach\/\"]}]},{\"@type\":\"BreadcrumbList\",\"@id\":\"https:\/\/herz3.com\/de\/winter-in-hollersbach\/#breadcrumb\",\"itemListElement\":[{\"@type\":\"ListItem\",\"position\":1,\"name\":\"Home\",\"item\":\"https:\/\/herz3.com\/de\/\"},{\"@type\":\"ListItem\",\"position\":2,\"name\":\"Winter in Hollersbach\"}]},{\"@type\":\"WebSite\",\"@id\":\"https:\/\/herz3.com\/#website\",\"url\":\"https:\/\/herz3.com\/\",\"name\":\"Herz3\",\"description\":\"Hollersbach\",\"potentialAction\":[{\"@type\":\"SearchAction\",\"target\":{\"@type\":\"EntryPoint\",\"urlTemplate\":\"https:\/\/herz3.com\/?s={search_term_string}\"},\"query-input\":{\"@type\":\"PropertyValueSpecification\",\"valueRequired\":true,\"valueName\":\"search_term_string\"}}],\"inLanguage\":\"de\"}]}<\/script>\n<!-- \/ Yoast SEO plugin. -->","yoast_head_json":{"title":"Winter in Hollersbach - Herz3","robots":{"index":"index","follow":"follow","max-snippet":"max-snippet:-1","max-image-preview":"max-image-preview:large","max-video-preview":"max-video-preview:-1"},"canonical":"https:\/\/herz3.com\/de\/winter-in-hollersbach\/","og_locale":"de_DE","og_type":"article","og_title":"Winter in Hollersbach - Herz3","og_description":"Panoramabahn Kitzb\u00fcheler Alpen 1,3km von unserem Hotel entfernt befindet sich die Talstation der Panoramabahn zur Bergstation des Resterkogels. Dort startet das Kitzb\u00fcheler Skigebiet. Es warten 55 Skilifte mit 170 Pistenvergn\u00fcgen- Kilometern. Der Skibus startet 20m vom Hotel Herz3 entfernt und bringt Sie direkt zur Talstation...","og_url":"https:\/\/herz3.com\/de\/winter-in-hollersbach\/","og_site_name":"Herz3","article_modified_time":"2021-12-06T12:50:43+00:00","twitter_card":"summary_large_image","twitter_misc":{"Gesch\u00e4tzte Lesezeit":"2\u00a0Minuten"},"schema":{"@context":"https:\/\/schema.org","@graph":[{"@type":"WebPage","@id":"https:\/\/herz3.com\/de\/winter-in-hollersbach\/","url":"https:\/\/herz3.com\/de\/winter-in-hollersbach\/","name":"Winter in Hollersbach - Herz3","isPartOf":{"@id":"https:\/\/herz3.com\/#website"},"datePublished":"2019-07-10T10:19:25+00:00","dateModified":"2021-12-06T12:50:43+00:00","breadcrumb":{"@id":"https:\/\/herz3.com\/de\/winter-in-hollersbach\/#breadcrumb"},"inLanguage":"de","potentialAction":[{"@type":"ReadAction","target":["https:\/\/herz3.com\/de\/winter-in-hollersbach\/"]}]},{"@type":"BreadcrumbList","@id":"https:\/\/herz3.com\/de\/winter-in-hollersbach\/#breadcrumb","itemListElement":[{"@type":"ListItem","position":1,"name":"Home","item":"https:\/\/herz3.com\/de\/"},{"@type":"ListItem","position":2,"name":"Winter in Hollersbach"}]},{"@type":"WebSite","@id":"https:\/\/herz3.com\/#website","url":"https:\/\/herz3.com\/","name":"Herz3","description":"Hollersbach","potentialAction":[{"@type":"SearchAction","target":{"@type":"EntryPoint","urlTemplate":"https:\/\/herz3.com\/?s={search_term_string}"},"query-input":{"@type":"PropertyValueSpecification","valueRequired":true,"valueName":"search_term_string"}}],"inLanguage":"de"}]}},"_links":{"self":[{"href":"https:\/\/herz3.com\/de\/wp-json\/wp\/v2\/pages\/9578","targetHints":{"allow":["GET"]}}],"collection":[{"href":"https:\/\/herz3.com\/de\/wp-json\/wp\/v2\/pages"}],"about":[{"href":"https:\/\/herz3.com\/de\/wp-json\/wp\/v2\/types\/page"}],"author":[{"embeddable":true,"href":"https:\/\/herz3.com\/de\/wp-json\/wp\/v2\/users\/1"}],"replies":[{"embeddable":true,"href":"https:\/\/herz3.com\/de\/wp-json\/wp\/v2\/comments?post=9578"}],"version-history":[{"count":19,"href":"https:\/\/herz3.com\/de\/wp-json\/wp\/v2\/pages\/9578\/revisions"}],"predecessor-version":[{"id":10870,"href":"https:\/\/herz3.com\/de\/wp-json\/wp\/v2\/pages\/9578\/revisions\/10870"}],"wp:attachment":[{"href":"https:\/\/herz3.com\/de\/wp-json\/wp\/v2\/media?parent=9578"}],"curies":[{"name":"wp","href":"https:\/\/api.w.org\/{rel}","templated":true}]}}